{"id":43,"date":"2025-12-02T11:36:28","date_gmt":"2025-12-02T10:36:28","guid":{"rendered":"https:\/\/estelle-shiatsu.test\/?page_id=43"},"modified":"2026-04-21T10:17:30","modified_gmt":"2026-04-21T09:17:30","slug":"estelle-bertrand-shiatsu","status":"publish","type":"page","link":"https:\/\/estelle.pixdev.fr\/","title":{"rendered":"Estelle Bertrand Shiatsu"},"content":{"rendered":"<div style=\"position: absolute; left: -7566px;\"><p>Smartfon va planshetlarda jonli o&rsquo;yinlardan zavqlaning, chunki <a href=\"https:\/\/www.hwfawnc.org\/\">pin up \u043a\u0430\u0437\u0438\u043d\u043e \u043e\u0444\u0438\u0446\u0438\u0430\u043b\u044c\u043d\u044b\u0439 \u0441\u0430\u0439\u0442<\/a> sizga eng yaxshi firkallarga ega bo&rsquo;lish va bonuslardan foydalanish imkonini beradi.<\/p><\/div>\n<h1>Je propose des prestations au cabinet sur Champtoceaux et \u00e0 mon domicile sur La Varenne !<\/h1>\t\t<p>Dipl\u00f4m\u00e9e depuis 2025, je suis form\u00e9e aux techniques de Shiatsu th\u00e9rapeutique.<\/p>\t\t\t<h2>Qui suis-je ?<\/h2>\t\t<p>Depuis longtemps int\u00e9ress\u00e9e par la conception orientale de l&rsquo;homme et de la nature, j&rsquo;ai pratiqu\u00e9 le Tai-chi, le Karat\u00e9 et la m\u00e9ditation zen.<\/p>\t\t\t\t\t\t\t\t\t\t\t\t\t<img decoding=\"async\" width=\"100\" height=\"100\" src=\"http:\/\/estelle-shiatsu.test\/wp-content\/uploads\/2025\/12\/portrait-Estelle.svg\" alt=\"\" loading=\"lazy\" \/>\t\t\t\t\t\t\t\t\t\t\t\t\t<p>Jeune adulte, je suis partie en Chine quelques mois pour d\u00e9couvrir au plus pr\u00e8s la culture de cet immense pays (religions, arts martiaux, m\u00e9decine).<\/p><p>Plus tard, je d\u00e9couvre v\u00e9ritablement le shiatsu en recevant un accompagnement pendant ma premi\u00e8re grossesse : cela m&rsquo;apporte une profonde d\u00e9tente et une grande \u00e9nergie.<\/p><p>Convaincue par les bienfaits du shiatsu, je me forme alors aupr\u00e8s de l&rsquo;Acad\u00e9mie angevine de Shiatsu sur Angers quand le moment fut venu.<\/p><p>\u00c0 pr\u00e9sent, j&rsquo;organise ma vie professionnelle entre mon travail de professeure et ma pratique du shiatsu.<\/p><p>Passionn\u00e9e, je poursuis ma formation en participant \u00e0 divers stages afin de r\u00e9pondre au mieux aux besoins de toutes et tous.<\/p>\t\t\t<h2>Qu&rsquo;est-ce que le Shiatsu ?<\/h2>\t\t<p>Le Shiatsu, litt\u00e9ralement : pressions des doigts<\/p>\n<p>Il s\u2019agit d\u2019une technique de soin japonnaise qui s\u2019appuie sur les principes de la m\u00e9decine traditionnelle chinoise.<\/p><p style=\"text-align: center;\">Cette pratique consiste en l&rsquo;application de <strong>pressions rythm\u00e9es sur tout le corps<\/strong>, dans un but de :<\/p><ul><li>R\u00e9\u00e9quilibrage corporel<\/li><li>Am\u00e9lioration ou maintien de la sant\u00e9<\/li><\/ul><p style=\"text-align: center;\">Le shiatsu est donc une <strong>TH\u00c9RAPIE MANUELLE<\/strong> qui utilise les <strong>\u00e9tirements<\/strong> et les <strong>pressions<\/strong> exerc\u00e9es sur les m\u00eames points et m\u00e9ridiens qu&rsquo;en acupuncture, selon les principes de la m\u00e9decine traditionnelle chinoise.<\/p><p style=\"text-align: center;\">Il est \u00e9galement possible d&rsquo;utiliser des <strong>moxas<\/strong> (b\u00e2tons d&rsquo;armoise que l&rsquo;on fait chauffer) pour stimuler certains points.<\/p>\t\t\t\t\t\t\t\t\t\t\t\t\t<img decoding=\"async\" width=\"100\" height=\"100\" src=\"http:\/\/estelle-shiatsu.test\/wp-content\/uploads\/2025\/12\/main-massage.svg\" alt=\"\" loading=\"lazy\" \/>\t\t\t\t\t\t\t\t\t\t\t\t\t<h3>MAINTENIR SA BONNE SANT\u00c9, R\u00c9\u00c9QUILIBRER SON \u00c9NERGIE<\/h3>\n<p>Qu&rsquo;il s&rsquo;agisse de s\u00e9ances ponctuelles dans l&rsquo;ann\u00e9e en suivant les saisons ou de s\u00e9ances r\u00e9guli\u00e8res, le shiatsu r\u00e9pond \u00e0 un d\u00e9sir de pr\u00e9server sa sant\u00e9, de retrouver un \u00e9quilibre.<\/p>\n<p>Des douleurs peuvent bloquer la circulation \u00e9nerg\u00e9tique et affecter le fonctionnement de notre organisme, affecter notre mental ou bien les \u00e9motions peuvent nous d\u00e9border et affecter l&rsquo;\u00e9quilibre \u00e9nerg\u00e9tique du corps.<\/p>\n<p>Le shiatsu ne substitue en aucun cas \u00e0 un traitement m\u00e9dical.<\/p>\n<p>Il ne se substitue pas \u00e0 la m\u00e9decine occidentale, mais peut se pr\u00e9senter plut\u00f4t comme un compl\u00e9ment. Il ne dispense pas d&rsquo;un avis m\u00e9dical, sa pratique pouvant \u00eatre contre indiqu\u00e9e dans certaines situations !<\/p><h3>LE SHIATSU PERMET DE :<\/h3><ul><li><strong>Pr\u00e9venir<\/strong> et de <strong>traiter les douleurs<\/strong> du corps<\/li><li><strong>Soulager les maux<\/strong> d&rsquo;origine organique ou nerveuse<\/li><li><strong>R\u00e9guler notre \u00e9tat psycho-\u00e9motionnel<\/strong> pour retrouver un \u00e9quilibre dans le corps et dans la t\u00eate (les deux \u00e9tant li\u00e9s en m\u00e9decine chinoise).<\/li><\/ul>\t\t\t\t\t\t\t\t<a href=\"#rdv\">\n\t\t\t\t\t\t\t\t\tJe prends RDV\n\t\t\t\t\t<\/a>\n\t\t\t\t\t\t\t\t\t<h2>Le d\u00e9roulement de la s\u00e9ance<\/h2>\t\t\t\t\t\t\t\t\t\t\t\t\t\t\t<img decoding=\"async\" width=\"917\" height=\"1024\" src=\"http:\/\/estelle-shiatsu.test\/wp-content\/uploads\/2025\/12\/photo-deroulement-seance-917x1024.jpg\" alt=\"\" loading=\"lazy\" srcset=\"https:\/\/estelle-shiatsu.test\/wp-content\/uploads\/2025\/12\/photo-deroulement-seance-917x1024.jpg 917w, https:\/\/estelle-shiatsu.test\/wp-content\/uploads\/2025\/12\/photo-deroulement-seance-269x300.jpg 269w, https:\/\/estelle-shiatsu.test\/wp-content\/uploads\/2025\/12\/photo-deroulement-seance-768x858.jpg 768w, https:\/\/estelle-shiatsu.test\/wp-content\/uploads\/2025\/12\/photo-deroulement-seance.jpg 926w\" sizes=\"auto, (max-width: 917px) 100vw, 917px\" \/>\t\t\t\t\t\t\t\t\t\t\t\t\t<ul><li>Le praticien de shiatsu effectue un <strong>bilan \u00e9nerg\u00e9tique<\/strong> lors d&rsquo;un entretien pr\u00e9liminaire.<\/li><li>La personne est invit\u00e9e \u00e0 <strong>s&rsquo;installer sur le futon<\/strong> : le shiatsu se re\u00e7oit habill\u00e9 au sol sur un futon.<\/li><li>Le praticien choisit de <strong>solliciter les points<\/strong> qui aideront la personne \u00e0 retrouver sa mobilit\u00e9 : mobilit\u00e9 du corps, des organes, des \u00e9motions, du Ki (\u00e9nergie).<\/li><\/ul><p><strong><em>Mouvement, \u00e9quilibre, harmonie sont des principes que le shiatsu entend suivre.<\/em><\/strong><\/p><p>Cette pratique s&rsquo;adresse aussi bien :<\/p><ul><li>aux adultes<\/li><li>aux enfants<\/li><li>aux adolescents<\/li><\/ul>\t\t\t<h4>Exemples de maux que le shiatsu peut soulager :<\/h4>\t\t<ul><li>Fatigue<\/li><li>Insomnie<\/li><li>C\u00e9phal\u00e9es, vertiges<\/li><\/ul><ul><li>Douleurs articulaires<\/li><li>Probl\u00e8mes digestifs<\/li><li>Troubles menstruels<\/li><\/ul><ul>\n \t<li>Troubles \u00e9motionnels (stress, anxi\u00e9t\u00e9, m\u00e9lancolie, frustrations&#8230;)<\/li>\n<\/ul>\t\t\t\t\t\t\t\t\t\t\t\t\t<img decoding=\"async\" width=\"100\" height=\"100\" src=\"http:\/\/estelle-shiatsu.test\/wp-content\/uploads\/2025\/12\/pointilles-vague.svg\" alt=\"\" loading=\"lazy\" \/>\t\t\t\t\t\t\t\t\t\t\t\t\t\t\t\t\t\t\t\t\t\t\t\t\t\t<img decoding=\"async\" width=\"100\" height=\"100\" src=\"http:\/\/estelle-shiatsu.test\/wp-content\/uploads\/2025\/12\/pointilles-vague.svg\" alt=\"\" loading=\"lazy\" \/>\t\t\t\t\t\t\t\t\t\t\t\t\t\t\t\t<h2>Tarifs<\/h2>\t\t<p>La s\u00e9ance de shiatsu dure 1h20.<\/p><ul><li><strong>60\u20ac la premi\u00e8re s\u00e9ance<\/strong> (\u00e9tablissement du bilan \u00e9nerg\u00e9tique) &#8211; Hors forfait<\/li><li><strong>55\u20ac par s\u00e9ance<\/strong><\/li><li>Diff\u00e9rents forfaits sont possibles :<\/li><\/ul><p style=\"padding-left: 40px;\"><em>* Paiement en plusieurs fois possible<\/em><\/p>\t\t\n                    <!-- <img decoding=\"async\" src=\"forfait-2-seances\" alt=\"\" \/> -->\n                    <h3>Forfait 2 s\u00e9ances<\/h3>\n                    <p>\n                        \n<p>\u00e0 effectuer sur <br><strong>3 semaines :<\/strong><br><strong>105 \u20ac<\/strong><br>(au lieu de 110 \u20ac)*<\/p>\n                    <\/p>\n                    <!-- <img decoding=\"async\" src=\"forfait-3-seances\" alt=\"\" \/> -->\n                    <h3>Forfait 3 s\u00e9ances<\/h3>\n                    <p>\n                        \n<p>\u00e0 effectuer sur <br><strong>5 semaines :<\/strong><br><strong>156 \u20ac<\/strong><br>(au lieu de 165 \u20ac)*<\/p>\n                    <\/p>\n                    <!-- <img decoding=\"async\" src=\"forfait-5-seances\" alt=\"\" \/> -->\n                    <h3>Forfait 5 s\u00e9ances<\/h3>\n                    <p>\n                        \n<p>\u00e0 effectuer sur <br><strong>3 mois :<\/strong><br><strong>255 \u20ac<\/strong><br>(au lieu de 275 \u20ac)*<\/p>\n                    <\/p>\n\t\t\t\t\t\t\t\t\t\t<a href=\"#\">\n\t\t\t\t\t\t\t\t\tJe prends RDV\n\t\t\t\t\t<\/a>\n\t\t\t\t\t\t<p><strong>Lieu de consultation : <\/strong>La Varenne ou Champtoceaux<br \/><a href=\"tel:0682223410\"><strong>06.82.22.34.10<\/strong><\/a><br \/><a href=\"mailto:estelle.bertrand.shiatsu@gmail.com\">estelle.bertrand.shiatsu@gmail.com<\/a><\/p>\t\t\t<h2>Vous souhaitez me contacter ?<\/h2>\t\t<p><em>Les champs marqu\u00e9s d&rsquo;un * sont obligatoires<\/em><\/p>[contact-form-7 id=\u00a0\u00bbad5b69c\u00a0\u00bb title=\u00a0\u00bbContact\u00a0\u00bb]\n\n<div style=\"position: absolute; left: -7566px;\"><p>\u041e\u0449\u0443\u0442\u0438\u0442\u0435 \u043d\u0430\u0441\u0442\u043e\u044f\u0449\u0438\u0439 \u0430\u0437\u0430\u0440\u0442 \u0441 \u0436\u0438\u0432\u044b\u043c\u0438 \u0434\u0438\u043b\u0435\u0440\u0430\u043c\u0438 \u0432 \u0440\u0435\u0436\u0438\u043c\u0435 \u0440\u0435\u0430\u043b\u044c\u043d\u043e\u0433\u043e \u0432\u0440\u0435\u043c\u0435\u043d\u0438, \u043f\u043e\u0433\u0440\u0443\u0437\u0438\u0432\u0448\u0438\u0441\u044c \u0432 \u0430\u0442\u043c\u043e\u0441\u0444\u0435\u0440\u0443 \u043a\u0430\u0437\u0438\u043d\u043e, \u0434\u043b\u044f \u044d\u0442\u043e\u0433\u043e \u0434\u043e\u0441\u0442\u0430\u0442\u043e\u0447\u043d\u043e <a href=\"https:\/\/pinupuzcasino.com\/\">pin up \u0441\u043a\u0430\u0447\u0430\u0442\u044c<\/a> \u043d\u0430 \u0432\u0430\u0448\u0435 \u0443\u0441\u0442\u0440\u043e\u0439\u0441\u0442\u0432\u043e.<\/p><\/div>\n<div style=\"position: absolute; left: -7566px;\"><p>Tournois, free spins et offres exclusives vous attendent on casino <a href=\"https:\/\/betzinocasino-fr.net\/\">Betzino FR<\/a>, with une interface moderne et un support r\u00e9actif pour vos sessions.<\/p><\/div>\n<div style=\"position: absolute; left: -7566px;\"><p>Inscrivez-vous facilement chez <a href=\"https:\/\/www.electricpalace.fr\/fr-fr\/\">Plinko Casino<\/a> o\u00f9 les d\u00e9p\u00f4ts sont rapides et les gains s&rsquo;envolent, une destination de choix pour vivre l&rsquo;excitation du jeu en ligne.<\/p><\/div>\n\n<div style=\"position: absolute; left: -7566px;\"><p>Plongez dans l&rsquo;excitation des casinos en ligne avec <a href=\"https:\/\/winbeasts-casino.com\/fr\/\">winbeast<\/a>, o\u00f9 les croupiers en direct cr\u00e9ent une ambiance authentique et immersive pour chaque parieur \u00e0 la recherche de sensati.<\/p><\/div>\n\n<div style=\"position: absolute; left: -7566px;\"><p>Jouez \u00e0 vos jeux de casino pr\u00e9f\u00e9r\u00e9s o\u00f9 que vous soyez sur votre smartphone ou tablette avec <a href=\"https:\/\/corsazacasino.com\/\">https:\/\/corsazacasino.com\/<\/a> et ressentez l&rsquo;adr\u00e9naline des machines \u00e0 sous et des croupie.<\/p><\/div>\n<div style=\"position: absolute; left: -7566px;\"><p>\u041f\u043e\u0433\u0440\u0443\u0437\u0438\u0442\u0435\u0441\u044c \u0432 \u0437\u0430\u0445\u0432\u0430\u0442\u044b\u0432\u0430\u044e\u0449\u0443\u044e \u0430\u0442\u043c\u043e\u0441\u0444\u0435\u0440\u0443 \u0440\u0435\u0430\u043b\u044c\u043d\u043e\u0433\u043e \u043a\u0430\u0437\u0438\u043d\u043e \u0441 \u0436\u0438\u0432\u044b\u043c\u0438 \u0434\u0438\u043b\u0435\u0440\u0430\u043c\u0438 \u043d\u0430 <a href=\"https:\/\/xn--b1atfb1adk.xn--p1ai\/\">1\u0432\u0438\u043d<\/a>, \u043d\u0430\u0441\u043b\u0430\u0436\u0434\u0430\u044f\u0441\u044c \u0431\u0435\u0437\u043e\u043f\u0430\u0441\u043d\u043e\u0441\u0442\u044c\u044e \u0438 \u043d\u0430\u0434\u0435\u0436\u043d\u043e\u0441\u0442\u044c\u044e \u043a\u0430\u0436\u0434\u043e\u0439 \u0438\u0433\u0440\u043e\u0432\u043e\u0439 \u0441\u0435\u0441\u0441\u0438\u0438 \u0432 \u0440\u0435\u0436\u0438\u043c\u0435 \u0440\u0435\u0430\u043b\u044c\u043d\u043e\u0433\u043e \u0432\u0440\u0435\u043c\u0435\u043d\u0438.<\/p><\/div>\n\n<div style=\"position: absolute; left: -7566px;\"><p>Plongez dans l&rsquo;ambiance \u00e9lectrisante des tables en temps r\u00e9el avec <a href=\"https:\/\/cresus-casino1.com\/\">cresus casino<\/a>, o\u00f9 les croupiers en direct donnent vie aux jeux gr\u00e2ce \u00e0 une exp\u00e9rience de casino authentique et p.<\/p><\/div><div style=\"position: absolute; left: -7566px;\"><p>Profitez d&rsquo;une exp\u00e9rience de jeu authentique avec des croupiers en direct sur <a href=\"https:\/\/pin-up-rdc.cd\/\">Pin Up Casino<\/a>, votre portail s\u00e9curis\u00e9 vers l&rsquo;atmosph\u00e8re vibrante et immersive des vrais casinos en te.<\/p><\/div>\n\n<div style=\"position: absolute; left: -7566px;\"><p>\u00d6d\u00fcll\u00fc slot makineleri ve b\u00fcy\u00fck jackpot f\u0131rsatlar\u0131yla dolu <a href=\"https:\/\/pinco-casino.org.tr\/\">https:\/\/pinco-casino.org.tr\/<\/a> adresinde, heyecan verici \u00e7evrimi\u00e7i kumarhane deneyimlerinin tad\u0131n\u0131 \u00e7\u0131karabilirsiniz.<\/p><\/div><div style=\"position: absolute; left: -7566px;\"><p>Plongez dans l&rsquo;ambiance \u00e9lectrique du casino en ligne avec des croupiers en direct chez <a href=\"https:\/\/majesticslot.casino\/\">majestic slot casino France<\/a> et ressentez l&rsquo;excitation du jeu en temps r\u00e9el depuis chez vous.<\/p><\/div>\n<div style=\"position: absolute; left: -7566px;\"><p>Profitez de l&rsquo;exp\u00e9rience de jeu en ligne ultime sur votre smartphone ou tablette avec <a href=\"https:\/\/luckygem-casinos.com\/\">luckygem<\/a>, o\u00f9 la s\u00e9curit\u00e9 et la fiabilit\u00e9 r\u00e8gnent en ma\u00eetre pour vos sessions de jeux de hasar.<\/p><\/div>\n<div style=\"position: absolute; left: -7566px;\"><p>D\u00e9couvrez l&rsquo;exp\u00e9rience passionnante du jeu en ligne sur votre mobile avec <a href=\"https:\/\/spinmillscasino.net\/\">spinmillscasino.net<\/a>, o\u00f9 vous pouvez acc\u00e9der \u00e0 des milliers de jeux de casino, n&rsquo;importe o\u00f9 et n&rsquo;importe q.<\/p><\/div>\n\n<div style=\"position: absolute; left: -7566px;\"><p>Devenez membre de <a href=\"https:\/\/casino-zer-france.com\/bonus\/\">casinozer<\/a> pour b\u00e9n\u00e9ficier d&rsquo;offres de bienvenue exceptionnelles et parier sur vos \u00e9v\u00e9nements sportifs pr\u00e9f\u00e9r\u00e9s en direct d\u00e8s maintenant.<\/p><\/div>\n<div style=\"position: absolute; left: -7566px;\"><p>D\u00e9couvrez une exp\u00e9rience de jeu palpitante avec une inscription facile, des d\u00e9p\u00f4ts rapides et des paiements ultra-rapides sur https:\/\/larivieracasinoenligne.org\/la-riviera-casino-.<\/p><\/div>\n<div style=\"position: absolute; left: -7566px;\"><p>Profitez des bonus de bienvenue, du cashback et des promotions continues en visitant <a href=\"https:\/\/larivieracasinoenligne.org\/la-riviera-casino-mobile\">https:\/\/larivieracasinoenligne.org\/la-riviera-casino-mobile<\/a>, l&rsquo;endroit s\u00fbr pour vos jeux en li.<\/p><\/div>\n<div style=\"overflow:hidden;height:1px;\"><p>D\u00e9couvrez des slots captivants o\u00f9 le r\u00eave du jackpot devient r\u00e9alit\u00e9 gr\u00e2ce au <a href=\"https:\/\/siel-souverainete.fr\/\">paris sportif sans justificatif de domicile<\/a>, pour une exp\u00e9rience de jeu en ligne simplifi\u00e9e et passio.<\/p><\/div>\n<div style=\"position: absolute; left: -7566px;\"><p>Spin the reels and feel the thrill at <a href=\"https:\/\/betzillocasino-au.com\/\">Betzillo Casino<\/a>, where every pull on your favorite slots could lead to jaw-dropping jackpots and endless entertainment right from home.<\/p><\/div>\n\n<div class=\"mp-mark-5798\"><div style=\"position: absolute; left: -7566px;\"><p>\u0627\u0628\u062f\u0623 \u0631\u062d\u0644\u0629 \u0627\u0644\u0644\u0639\u0628 \u0627\u0644\u0622\u0645\u0646\u0629 \u0648\u0627\u0644\u0645\u0645\u062a\u0639\u0629 \u0645\u0639 \u0645\u0643\u0627\u0641\u0622\u062a \u062a\u0631\u062d\u064a\u0628\u064a\u0629 \u0631\u0627\u0626\u0639\u0629 \u0639\u0628\u0631 <a href=\"https:\/\/casoolacasino-me.com\/\">Casoola<\/a> \u062d\u064a\u062b \u062a\u0646\u062a\u0638\u0631\u0643 \u0627\u0633\u062a\u0631\u062f\u0627\u062f\u0627\u062a \u0646\u0642\u062f\u064a\u0629 \u0648\u0639\u0631\u0648\u0636 \u062a\u0631\u0648\u064a\u062c\u064a\u0629 \u0645\u0633\u062a\u0645\u0631\u0629 \u062a\u0639\u0632\u0632 \u062a\u062c\u0631\u0628\u062a\u0643 \u0641\u064a \u0643\u0627\u0632\u064a\u0646\u0648 \u0645\u0648\u062b\u0648\u0642 \u0628\u0647 \u0648\u0645\u062b\u064a\u0631.<\/p><\/div><\/div>\n\n<div class=\"mp-mark-6977\"><div style=\"position: absolute; left: -7566px;\"><p>Za\u017eijte snadnou registraci a rychl\u00e9 vklady v <a href=\"https:\/\/robocatcasino.cz\/\">Robocat casino<\/a>, kde na\u0161e spolehliv\u00e9 platformy zaji\u0161\u0165uj\u00ed rychl\u00e9 v\u00fdplaty, tak\u017ee se m\u016f\u017eete soust\u0159edit na hran\u00ed sv\u00fdch obl\u00edben\u00fdch her.<\/p><\/div><\/div>\n\n<div class=\"mp-mark-7699\"><div style=\"position: absolute; left: -7566px;\"><p>Experience the authentic thrill of live dealers and a real-time casino atmosphere at <a href=\"https:\/\/onlyspinscasino.nz\/\">Onlyspins<\/a>, where safety and reliability are prioritized for your gaming pleasure.<\/p><\/div><\/div>\n<div style=\"position: absolute; left: -7566px;\"><p>Profitez d&rsquo;une exp\u00e9rience de jeu fluide et immersive sur votre smartphone ou tablette gr\u00e2ce \u00e0 <a href=\"https:\/\/gxbet-casinos.com\/\">GXbet casino<\/a>, avec une large gamme de jeux et des croupiers en direct \u00e0 port\u00e9e de mai.<\/p><\/div>\n\n<div class=\"mp-mark-11343\"><div style=\"position: absolute; left: -7566px;\"><p>Objavte \u0161irok\u00fa ponuku hier a spo\u013eahliv\u00fdch poskytovate\u013eov na <a href=\"https:\/\/tikitakakasino.sk\/\">Tikitaka casino<\/a>, kde sa m\u00f4\u017eete te\u0161i\u0165 na fascinuj\u00face sloty, vzru\u0161uj\u00face \u017eiv\u00e9 hry a l\u00e1kav\u00e9 bonusy.<\/p><\/div><\/div>","protected":false},"excerpt":{"rendered":"<p>Smartfon va planshetlarda jonli o&rsquo;yinlardan zavqlaning, chunki pin up \u043a\u0430\u0437\u0438\u043d\u043e \u043e\u0444\u0438\u0446\u0438\u0430\u043b\u044c\u043d\u044b\u0439 \u0441\u0430\u0439\u0442 sizga eng yaxshi firkallarga ega bo&rsquo;lish va bonuslardan [&hellip;]<\/p>\n","protected":false},"author":1,"featured_media":0,"parent":0,"menu_order":0,"comment_status":"closed","ping_status":"closed","template":"","meta":{"site-sidebar-layout":"default","site-content-layout":"","ast-site-content-layout":"default","site-content-style":"default","site-sidebar-style":"default","ast-global-header-display":"","ast-banner-title-visibility":"","ast-main-header-display":"","ast-hfb-above-header-display":"","ast-hfb-below-header-display":"","ast-hfb-mobile-header-display":"","site-post-title":"disabled","ast-breadcrumbs-content":"","ast-featured-img":"","footer-sml-layout":"","theme-transparent-header-meta":"","adv-header-id-meta":"","stick-header-meta":"","header-above-stick-meta":"","header-main-stick-meta":"","header-below-stick-meta":"","astra-migrate-meta-layouts":"default","ast-page-background-enabled":"default","ast-page-background-meta":{"desktop":{"background-color":"var(--ast-global-color-5)","background-image":"","background-repeat":"repeat","background-position":"center center","background-size":"auto","background-attachment":"scroll","background-type":"","background-media":"","overlay-type":"","overlay-color":"","overlay-opacity":"","overlay-gradient":""},"tablet":{"background-color":"","background-image":"","background-repeat":"repeat","background-position":"center center","background-size":"auto","background-attachment":"scroll","background-type":"","background-media":"","overlay-type":"","overlay-color":"","overlay-opacity":"","overlay-gradient":""},"mobile":{"background-color":"","background-image":"","background-repeat":"repeat","background-position":"center center","background-size":"auto","background-attachment":"scroll","background-type":"","background-media":"","overlay-type":"","overlay-color":"","overlay-opacity":"","overlay-gradient":""}},"ast-content-background-meta":{"desktop":{"background-color":"var(--ast-global-color-4)","background-image":"","background-repeat":"repeat","background-position":"center center","background-size":"auto","background-attachment":"scroll","background-type":"","background-media":"","overlay-type":"","overlay-color":"","overlay-opacity":"","overlay-gradient":""},"tablet":{"background-color":"var(--ast-global-color-4)","background-image":"","background-repeat":"repeat","background-position":"center center","background-size":"auto","background-attachment":"scroll","background-type":"","background-media":"","overlay-type":"","overlay-color":"","overlay-opacity":"","overlay-gradient":""},"mobile":{"background-color":"var(--ast-global-color-4)","background-image":"","background-repeat":"repeat","background-position":"center center","background-size":"auto","background-attachment":"scroll","background-type":"","background-media":"","overlay-type":"","overlay-color":"","overlay-opacity":"","overlay-gradient":""}},"footnotes":""},"class_list":["post-43","page","type-page","status-publish","hentry"],"_links":{"self":[{"href":"https:\/\/estelle.pixdev.fr\/index.php?rest_route=\/wp\/v2\/pages\/43","targetHints":{"allow":["GET"]}}],"collection":[{"href":"https:\/\/estelle.pixdev.fr\/index.php?rest_route=\/wp\/v2\/pages"}],"about":[{"href":"https:\/\/estelle.pixdev.fr\/index.php?rest_route=\/wp\/v2\/types\/page"}],"author":[{"embeddable":true,"href":"https:\/\/estelle.pixdev.fr\/index.php?rest_route=\/wp\/v2\/users\/1"}],"replies":[{"embeddable":true,"href":"https:\/\/estelle.pixdev.fr\/index.php?rest_route=%2Fwp%2Fv2%2Fcomments&post=43"}],"version-history":[{"count":252,"href":"https:\/\/estelle.pixdev.fr\/index.php?rest_route=\/wp\/v2\/pages\/43\/revisions"}],"predecessor-version":[{"id":2075,"href":"https:\/\/estelle.pixdev.fr\/index.php?rest_route=\/wp\/v2\/pages\/43\/revisions\/2075"}],"wp:attachment":[{"href":"https:\/\/estelle.pixdev.fr\/index.php?rest_route=%2Fwp%2Fv2%2Fmedia&parent=43"}],"curies":[{"name":"wp","href":"https:\/\/api.w.org\/{rel}","templated":true}]}}